{"id":24,"date":"2025-03-08T00:52:26","date_gmt":"2025-03-08T00:52:26","guid":{"rendered":"https:\/\/alphahex.com.br\/about\/"},"modified":"2025-03-13T19:35:05","modified_gmt":"2025-03-13T19:35:05","slug":"about","status":"publish","type":"page","link":"https:\/\/alphahex.com.br\/en\/about\/","title":{"rendered":"About"},"content":{"rendered":"<div class=\"wp-block-uagb-container uagb-block-dde5c922 alignfull uagb-is-root-container\">\n<div class=\"wp-block-uagb-container uagb-block-b618de5d\">\n<div class=\"wp-block-uagb-advanced-heading uagb-block-1d772575\"><h1 class=\"uagb-heading-text\">AlphaHex: Turning Ideas into Reality<\/h1><\/div>\n<\/div>\n<\/div>\n\n\n\n<div class=\"wp-block-uagb-container uagb-block-09f03414 alignfull uagb-is-root-container\"><div class=\"uagb-container-inner-blocks-wrap\">\n<div class=\"wp-block-uagb-advanced-heading uagb-block-ca3de8bf\"><h2 class=\"uagb-heading-text\">Meet AlphaHex: Your Partner in Innovative IoT Solutions<\/h2><\/div>\n\n\n\n<div class=\"wp-block-uagb-container uagb-layout-grid uagb-block-147934f6\">\n<div class=\"wp-block-uagb-image uagb-block-95318720 wp-block-uagb-image--layout-default wp-block-uagb-image--effect-static wp-block-uagb-image--align-none\"><figure class=\"wp-block-uagb-image__figure\"><img decoding=\"async\" srcset=\"https:\/\/alphahex.com.br\/wp-content\/uploads\/2025\/03\/circuit-circuit-board-resistor-computer-159201.jpeg ,https:\/\/alphahex.com.br\/wp-content\/uploads\/2025\/03\/circuit-circuit-board-resistor-computer-159201.jpeg 780w, https:\/\/alphahex.com.br\/wp-content\/uploads\/2025\/03\/circuit-circuit-board-resistor-computer-159201.jpeg 360w\" sizes=\"auto, (max-width: 480px) 150px\" src=\"https:\/\/alphahex.com.br\/wp-content\/uploads\/2025\/03\/circuit-circuit-board-resistor-computer-159201.jpeg\" alt=\"\" class=\"uag-image-13\" width=\"600\" height=\"400\" title=\"our-story\" loading=\"lazy\" role=\"img\"\/><\/figure><\/div>\n\n\n\n<div class=\"wp-block-uagb-advanced-heading uagb-block-477b52f6\"><p class=\"uagb-heading-text\"><strong>Innovation and Efficiency with Cutting-Edge Technology<\/strong><\/p><p class=\"uagb-desc-text\">Always seeking the most modern development technology, and working with the help of AI, Ot\u00e1vio Martins has helped clients optimize processes and implement IoT solutions that guarantee efficiency and security in their operations.<br>With a focus on performance and innovation, it stands out for delivering customized solutions, always meeting the specific needs of each client.<\/p><\/div>\n<\/div>\n<\/div><\/div>\n\n\n\n<div class=\"wp-block-uagb-container uagb-layout-grid uagb-block-61c3fd7a alignfull uagb-is-root-container\"><div class=\"uagb-container-inner-blocks-wrap\">\n<div class=\"wp-block-uagb-info-box uagb-block-3a2b7719 uagb-infobox__content-wrap  uagb-infobox-icon-above-title uagb-infobox-image-valign-top\"><div class=\"uagb-ifb-content\"><div class=\"uagb-ifb-title-wrap\"><h2 class=\"uagb-ifb-title\">Our History and Commitment<\/h2><\/div><p class=\"uagb-ifb-desc\">With over 40 years of experience in software development, <strong>Ot\u00e1vio Martins<\/strong> is dedicated to creating efficient and innovative solutions for embedded systems and IoT. Always seeking excellence, the commitment is to deliver <strong>reliable, optimized and high-performance technology<\/strong> for the most diverse challenges in automation and data communication.<\/p><\/div><\/div>\n\n\n\n<div class=\"wp-block-uagb-container uagb-block-22f5934f\">\n<div class=\"wp-block-uagb-container uagb-layout-grid uagb-block-7d6c4fe6\">\n<div class=\"wp-block-uagb-counter uagb-block-6284027c wp-block-uagb-counter--number\"><div class=\"wp-block-uagb-counter__number\"><span class=\"uagb-counter-block-number\" data-duration=\"1.5\" data-to-value=\"40\" data-from-value=\"0\" data-delimiter=\",\"><\/span><span class=\"uagb-counter-block-suffix\">+<\/span><\/div><div class=\"wp-block-uagb-counter__title\">Experience<\/div><\/div>\n\n\n\n<div class=\"wp-block-uagb-advanced-heading uagb-block-29902d4e\"><p class=\"uagb-heading-text\">With over 40 years of accumulated experience, we offer technical and practical knowledge to meet your needs.<\/p><\/div>\n<\/div>\n\n\n\n<div class=\"wp-block-uagb-container uagb-layout-grid uagb-block-a2a3a809\">\n<div class=\"wp-block-group is-layout-constrained wp-block-group-is-layout-constrained\">\n<figure class=\"wp-block-image size-full\"><img loading=\"lazy\" decoding=\"async\" width=\"204\" height=\"235\" src=\"https:\/\/alphahex.com.br\/wp-content\/uploads\/2025\/03\/alphaHexNew.png\" alt=\"\" class=\"wp-image-440\" srcset=\"https:\/\/alphahex.com.br\/wp-content\/uploads\/2025\/03\/alphaHexNew.png 204w, https:\/\/alphahex.com.br\/wp-content\/uploads\/2025\/03\/alphaHexNew-108x124.png 108w\" sizes=\"auto, (max-width: 204px) 100vw, 204px\" \/><\/figure>\n<\/div>\n\n\n\n<div class=\"wp-block-uagb-advanced-heading uagb-block-e6ec6afe\"><p class=\"uagb-heading-text\">Throughout its trajectory, <strong>Ot\u00e1vio Martins<\/strong> developed innovative solutions in several areas, including:<br>\u2705 <strong>Automation of commerce, industry and service providers<\/strong><br>\u2705 <strong>Gas station automation<\/strong> \u2013 featured in the magazine <em>Pequenas Empresas &amp; Grandes Neg\u00f3cios<\/em><br>\u2705 <strong>Vehicle telemetry and monitoring<\/strong><br>\u2705 <strong>Firmware development<\/strong> to:<br>Sensing and communication<br>GPS and geolocation<br>Control of electrical and combustion machines<br>Precision equipment<br>Always focused on innovation, performance and reliability for the most diverse technological challenges.<\/p><\/div>\n<\/div>\n\n\n\n<div class=\"wp-block-uagb-container uagb-layout-grid uagb-block-488ab899\">\n<div class=\"wp-block-uagb-advanced-heading uagb-block-ecf4b2dd\"><\/div>\n<\/div>\n<\/div>\n<\/div><\/div>\n\n\n\n<div class=\"wp-block-uagb-advanced-heading uagb-block-ab53c455\"><h2 class=\"uagb-heading-text\">Ot\u00e1vio Martins<\/h2><p class=\"uagb-desc-text\">Dedicated and experienced, ready to transform your ideas into effective solutions.<\/p><\/div>\n\n\n\n<div class=\"wp-block-uagb-container uagb-block-17365e7d alignfull uagb-is-root-container\"><div class=\"uagb-container-inner-blocks-wrap\">\n<div class=\"wp-block-uagb-container uagb-block-113b0341\">\n<div class=\"wp-block-uagb-container uagb-block-c85e9c9e\">\n<div class=\"wp-block-uagb-image aligncenter uagb-block-22c137fb wp-block-uagb-image--layout-default wp-block-uagb-image--effect-static wp-block-uagb-image--align-center\"><figure class=\"wp-block-uagb-image__figure\"><img decoding=\"async\" srcset=\"https:\/\/alphahex.com.br\/wp-content\/uploads\/2025\/03\/FotoOtavioP-150x150.png ,https:\/\/alphahex.com.br\/wp-content\/uploads\/2025\/03\/FotoOtavioP.png 780w, https:\/\/alphahex.com.br\/wp-content\/uploads\/2025\/03\/FotoOtavioP.png 360w\" sizes=\"auto, (max-width: 480px) 150px\" src=\"https:\/\/alphahex.com.br\/wp-content\/uploads\/2025\/03\/FotoOtavioP-150x150.png\" alt=\"\" class=\"uag-image-432\" width=\"150\" height=\"150\" title=\"FotoOt\u00e1vioP\" loading=\"lazy\" role=\"img\"\/><\/figure><\/div>\n\n\n\n<div class=\"wp-block-uagb-advanced-heading uagb-block-2605b57d\"><h3 class=\"uagb-heading-text\">Ot\u00e1vio Martins<\/h3><p class=\"uagb-desc-text\">Firmware Developer<\/p><\/div>\n<\/div>\n<\/div>\n<\/div><\/div>\n\n\n\n<div class=\"wp-block-uagb-container uagb-block-d7b60fd6 alignfull uagb-is-root-container\"><div class=\"uagb-container-inner-blocks-wrap\">\n<div class=\"wp-block-uagb-info-box uagb-block-6fdc34d4 uagb-infobox__content-wrap  uagb-infobox-icon-above-title uagb-infobox-image-valign-top\"><div class=\"uagb-ifb-content\"><div class=\"uagb-ifb-title-wrap\"><h2 class=\"uagb-ifb-title\">Get in touch and start your innovative project now!<\/h2><\/div><p class=\"uagb-ifb-desc\">At AlphaHex, we have the experience and solutions to transform your ideas into efficient and reliable products.<\/p><div class=\"uagb-ifb-button-wrapper wp-block-button\"><a href=\"\/en\/contact\/\" class=\"uagb-infobox-cta-link wp-block-button__link\" target=\"_self\" rel=\"noopener noreferrer\" onclick=\"return true;\"><span class=\"uagb-inline-editing\">Learn More<\/span><\/a><\/div><\/div><\/div>\n<\/div><\/div>","protected":false},"excerpt":{"rendered":"<p>AlphaHex: Transformando Ideias em Realidade Conhe\u00e7a a AlphaHex: Sua Parceira em Solu\u00e7\u00f5es IoT Inovadoras Inova\u00e7\u00e3o e Efici\u00eancia com Tecnologia de [&hellip;]<\/p>","protected":false},"author":1,"featured_media":0,"parent":0,"menu_order":0,"comment_status":"closed","ping_status":"closed","template":"","meta":{"pagelayer_contact_templates":[],"_pagelayer_content":"","_uag_custom_page_level_css":"","site-sidebar-layout":"default","site-content-layout":"","ast-site-content-layout":"","site-content-style":"default","site-sidebar-style":"default","ast-global-header-display":"","ast-banner-title-visibility":"","ast-main-header-display":"","ast-hfb-above-header-display":"","ast-hfb-below-header-display":"","ast-hfb-mobile-header-display":"","site-post-title":"disabled","ast-breadcrumbs-content":"","ast-featured-img":"","footer-sml-layout":"","theme-transparent-header-meta":"","adv-header-id-meta":"","stick-header-meta":"","header-above-stick-meta":"","header-main-stick-meta":"","header-below-stick-meta":"","astra-migrate-meta-layouts":"default","ast-page-background-enabled":"default","ast-page-background-meta":{"desktop":{"background-color":"var(--ast-global-color-4)","background-image":"","background-repeat":"repeat","background-position":"center center","background-size":"auto","background-attachment":"scroll","background-type":"","background-media":"","overlay-type":"","overlay-color":"","overlay-opacity":"","overlay-gradient":""},"tablet":{"background-color":"","background-image":"","background-repeat":"repeat","background-position":"center center","background-size":"auto","background-attachment":"scroll","background-type":"","background-media":"","overlay-type":"","overlay-color":"","overlay-opacity":"","overlay-gradient":""},"mobile":{"background-color":"","background-image":"","background-repeat":"repeat","background-position":"center center","background-size":"auto","background-attachment":"scroll","background-type":"","background-media":"","overlay-type":"","overlay-color":"","overlay-opacity":"","overlay-gradient":""}},"ast-content-background-meta":{"desktop":{"background-color":"var(--ast-global-color-5)","background-image":"","background-repeat":"repeat","background-position":"center center","background-size":"auto","background-attachment":"scroll","background-type":"","background-media":"","overlay-type":"","overlay-color":"","overlay-opacity":"","overlay-gradient":""},"tablet":{"background-color":"var(--ast-global-color-5)","background-image":"","background-repeat":"repeat","background-position":"center center","background-size":"auto","background-attachment":"scroll","background-type":"","background-media":"","overlay-type":"","overlay-color":"","overlay-opacity":"","overlay-gradient":""},"mobile":{"background-color":"var(--ast-global-color-5)","background-image":"","background-repeat":"repeat","background-position":"center center","background-size":"auto","background-attachment":"scroll","background-type":"","background-media":"","overlay-type":"","overlay-color":"","overlay-opacity":"","overlay-gradient":""}},"footnotes":""},"class_list":["post-24","page","type-page","status-publish","hentry"],"uagb_featured_image_src":{"full":false,"thumbnail":false,"medium":false,"medium_large":false,"large":false,"1536x1536":false,"2048x2048":false,"trp-custom-language-flag":false},"uagb_author_info":{"display_name":"Ot\u00e1vio Martins","author_link":"https:\/\/alphahex.com.br\/en\/author\/otavio\/"},"uagb_comment_info":0,"uagb_excerpt":"AlphaHex: Transformando Ideias em Realidade Conhe\u00e7a a AlphaHex: Sua Parceira em Solu\u00e7\u00f5es IoT Inovadoras Inova\u00e7\u00e3o e Efici\u00eancia com Tecnologia de [&hellip;]","_links":{"self":[{"href":"https:\/\/alphahex.com.br\/en\/wp-json\/wp\/v2\/pages\/24","targetHints":{"allow":["GET"]}}],"collection":[{"href":"https:\/\/alphahex.com.br\/en\/wp-json\/wp\/v2\/pages"}],"about":[{"href":"https:\/\/alphahex.com.br\/en\/wp-json\/wp\/v2\/types\/page"}],"author":[{"embeddable":true,"href":"https:\/\/alphahex.com.br\/en\/wp-json\/wp\/v2\/users\/1"}],"replies":[{"embeddable":true,"href":"https:\/\/alphahex.com.br\/en\/wp-json\/wp\/v2\/comments?post=24"}],"version-history":[{"count":11,"href":"https:\/\/alphahex.com.br\/en\/wp-json\/wp\/v2\/pages\/24\/revisions"}],"predecessor-version":[{"id":442,"href":"https:\/\/alphahex.com.br\/en\/wp-json\/wp\/v2\/pages\/24\/revisions\/442"}],"wp:attachment":[{"href":"https:\/\/alphahex.com.br\/en\/wp-json\/wp\/v2\/media?parent=24"}],"curies":[{"name":"wp","href":"https:\/\/api.w.org\/{rel}","templated":true}]}}