{"id":26,"date":"2025-03-08T00:52:26","date_gmt":"2025-03-08T00:52:26","guid":{"rendered":"https:\/\/alphahex.com.br\/services\/"},"modified":"2025-03-10T17:39:16","modified_gmt":"2025-03-10T17:39:16","slug":"services","status":"publish","type":"page","link":"https:\/\/alphahex.com.br\/en\/services\/","title":{"rendered":"Services"},"content":{"rendered":"<div class=\"wp-block-uagb-container uagb-block-dde5c922 alignfull uagb-is-root-container\">\n<div class=\"wp-block-uagb-container uagb-block-b618de5d\">\n<div class=\"wp-block-uagb-advanced-heading uagb-block-1d772575\"><h1 class=\"uagb-heading-text\">Innovative Solutions in Firmware and IoT<\/h1><\/div>\n<\/div>\n<\/div>\n\n\n\n<div class=\"wp-block-uagb-container uagb-block-4b0b8f05 alignfull uagb-is-root-container\"><div class=\"uagb-container-inner-blocks-wrap\">\n<div class=\"wp-block-uagb-advanced-heading uagb-block-ab53c455\"><h2 class=\"uagb-heading-text\">Our Specialized Technology Services<\/h2><p class=\"uagb-desc-text\">Explore our services designed to transform ideas into efficient and innovative technology solutions.<\/p><\/div>\n\n\n\n<div class=\"wp-block-uagb-container uagb-layout-flex uagb-block-9286c5ad\">\n<div class=\"wp-block-uagb-container uagb-layout-grid uagb-block-e0d18796\">\n<div class=\"wp-block-uagb-image alignleft uagb-block-7948ea86 wp-block-uagb-image--layout-default wp-block-uagb-image--effect-static wp-block-uagb-image--align-left\"><figure class=\"wp-block-uagb-image__figure\"><img decoding=\"async\" srcset=\"https:\/\/alphahex.com.br\/wp-content\/uploads\/2025\/03\/pexels-photo-574071.jpeg ,https:\/\/alphahex.com.br\/wp-content\/uploads\/2025\/03\/pexels-photo-574071.jpeg 780w, https:\/\/alphahex.com.br\/wp-content\/uploads\/2025\/03\/pexels-photo-574071.jpeg 360w\" sizes=\"auto, (max-width: 480px) 150px\" src=\"https:\/\/alphahex.com.br\/wp-content\/uploads\/2025\/03\/pexels-photo-574071.jpeg\" alt=\"\" class=\"uag-image-9\" width=\"290\" height=\"400\" title=\"creative-01\" loading=\"lazy\" role=\"img\"\/><\/figure><\/div>\n\n\n\n<div class=\"wp-block-uagb-container uagb-layout-grid uagb-block-fa136307\">\n<div class=\"wp-block-uagb-image uagb-block-699919ef wp-block-uagb-image--layout-default wp-block-uagb-image--effect-static wp-block-uagb-image--align-none\"><figure class=\"wp-block-uagb-image__figure\"><img decoding=\"async\" srcset=\"https:\/\/alphahex.com.br\/wp-content\/uploads\/2025\/03\/pexels-photo-29445973.jpeg ,https:\/\/alphahex.com.br\/wp-content\/uploads\/2025\/03\/pexels-photo-29445973.jpeg 780w, https:\/\/alphahex.com.br\/wp-content\/uploads\/2025\/03\/pexels-photo-29445973.jpeg 360w\" sizes=\"auto, (max-width: 480px) 150px\" src=\"https:\/\/alphahex.com.br\/wp-content\/uploads\/2025\/03\/pexels-photo-29445973.jpeg\" alt=\"\" class=\"uag-image-10\" width=\"290\" height=\"200\" title=\"creative-02\" loading=\"lazy\" role=\"img\"\/><\/figure><\/div>\n\n\n\n<div class=\"wp-block-uagb-image uagb-block-ba62a8af wp-block-uagb-image--layout-default wp-block-uagb-image--effect-static wp-block-uagb-image--align-none\"><figure class=\"wp-block-uagb-image__figure\"><img decoding=\"async\" srcset=\"https:\/\/alphahex.com.br\/wp-content\/uploads\/2025\/03\/pexels-photo-3912367.jpeg ,https:\/\/alphahex.com.br\/wp-content\/uploads\/2025\/03\/pexels-photo-3912367.jpeg 780w, https:\/\/alphahex.com.br\/wp-content\/uploads\/2025\/03\/pexels-photo-3912367.jpeg 360w\" sizes=\"auto, (max-width: 480px) 150px\" src=\"https:\/\/alphahex.com.br\/wp-content\/uploads\/2025\/03\/pexels-photo-3912367.jpeg\" alt=\"\" class=\"uag-image-11\" width=\"290\" height=\"190\" title=\"creative-03\" loading=\"lazy\" role=\"img\"\/><\/figure><\/div>\n<\/div>\n<\/div>\n\n\n\n<div class=\"wp-block-uagb-container uagb-block-b6ad80b7\">\n<div class=\"wp-block-uagb-info-box uagb-block-db3dcad8 uagb-infobox__content-wrap  uagb-infobox-icon-above-title uagb-infobox-image-valign-top\"><div class=\"uagb-ifb-content\"><div class=\"uagb-ifb-title-wrap\"><h3 class=\"uagb-ifb-title-prefix\">Firmware Development<\/h3><p class=\"uagb-ifb-title\">We offer custom firmware development, ensuring high performance and security for microcontrollers and IoT devices.<\/p><\/div><p class=\"uagb-ifb-desc\">Creating custom firmware for embedded and IoT devices.<\/p><\/div><\/div>\n<\/div>\n<\/div>\n<\/div><\/div>\n\n\n\n<div class=\"wp-block-uagb-container uagb-block-9c49fb5c alignfull uagb-is-root-container\"><div class=\"uagb-container-inner-blocks-wrap\">\n<div class=\"wp-block-uagb-container uagb-block-a194e2c0\">\n<div class=\"wp-block-uagb-info-box uagb-block-945d7a36 uagb-infobox__content-wrap  uagb-infobox-icon-above-title uagb-infobox-image-valign-top\"><div class=\"uagb-ifb-content\"><div class=\"uagb-ifb-title-wrap\"><h3 class=\"uagb-ifb-title-prefix\">Cloud Consulting<\/h3><p class=\"uagb-ifb-title\">We provide specialized consultancy in implementing cloud servers, ensuring connectivity and efficiency with modern technologies.<\/p><\/div><p class=\"uagb-ifb-desc\">Guidance for cloud server instances and integration.<\/p><\/div><\/div>\n<\/div>\n\n\n\n<div class=\"wp-block-uagb-container uagb-layout-grid uagb-block-87eea3b5\">\n<div class=\"wp-block-uagb-image alignleft uagb-block-fdb7a1ed wp-block-uagb-image--layout-default wp-block-uagb-image--effect-static wp-block-uagb-image--align-left\"><figure class=\"wp-block-uagb-image__figure\"><img decoding=\"async\" srcset=\"https:\/\/alphahex.com.br\/wp-content\/uploads\/2025\/03\/pexels-photo-4709369.jpeg ,https:\/\/alphahex.com.br\/wp-content\/uploads\/2025\/03\/pexels-photo-4709369.jpeg 780w, https:\/\/alphahex.com.br\/wp-content\/uploads\/2025\/03\/pexels-photo-4709369.jpeg 360w\" sizes=\"auto, (max-width: 480px) 150px\" src=\"https:\/\/alphahex.com.br\/wp-content\/uploads\/2025\/03\/pexels-photo-4709369.jpeg\" alt=\"\" class=\"uag-image-12\" width=\"600\" height=\"220\" title=\"digital-01\" loading=\"lazy\" role=\"img\"\/><\/figure><\/div>\n\n\n\n<div class=\"wp-block-uagb-container uagb-layout-grid uagb-block-59295ad8\">\n<div class=\"wp-block-uagb-image alignleft uagb-block-1d740a84 wp-block-uagb-image--layout-default wp-block-uagb-image--effect-static wp-block-uagb-image--align-left\"><figure class=\"wp-block-uagb-image__figure\"><img decoding=\"async\" srcset=\"https:\/\/alphahex.com.br\/wp-content\/uploads\/2025\/03\/circuit-circuit-board-resistor-computer-159201.jpeg ,https:\/\/alphahex.com.br\/wp-content\/uploads\/2025\/03\/circuit-circuit-board-resistor-computer-159201.jpeg 780w, https:\/\/alphahex.com.br\/wp-content\/uploads\/2025\/03\/circuit-circuit-board-resistor-computer-159201.jpeg 360w\" sizes=\"auto, (max-width: 480px) 150px\" src=\"https:\/\/alphahex.com.br\/wp-content\/uploads\/2025\/03\/circuit-circuit-board-resistor-computer-159201.jpeg\" alt=\"\" class=\"uag-image-13\" width=\"295\" height=\"190\" title=\"creative-02\" loading=\"lazy\" role=\"img\"\/><\/figure><\/div>\n\n\n\n<div class=\"wp-block-uagb-image alignright uagb-block-208e11b1 wp-block-uagb-image--layout-default wp-block-uagb-image--effect-static wp-block-uagb-image--align-right\"><figure class=\"wp-block-uagb-image__figure\"><img decoding=\"async\" srcset=\"https:\/\/alphahex.com.br\/wp-content\/uploads\/2025\/03\/pexels-photo-2081132.jpeg ,https:\/\/alphahex.com.br\/wp-content\/uploads\/2025\/03\/pexels-photo-2081132.jpeg 780w, https:\/\/alphahex.com.br\/wp-content\/uploads\/2025\/03\/pexels-photo-2081132.jpeg 360w\" sizes=\"auto, (max-width: 480px) 150px\" src=\"https:\/\/alphahex.com.br\/wp-content\/uploads\/2025\/03\/pexels-photo-2081132.jpeg\" alt=\"\" class=\"uag-image-14\" width=\"295\" height=\"190\" title=\"creative-03\" loading=\"lazy\" role=\"img\"\/><\/figure><\/div>\n<\/div>\n<\/div>\n<\/div><\/div>\n\n\n\n<div class=\"wp-block-uagb-container uagb-layout-grid uagb-block-50c22393 alignfull uagb-is-root-container\"><div class=\"uagb-container-inner-blocks-wrap\">\n<div class=\"wp-block-uagb-advanced-heading uagb-block-128c480c\"><h2 class=\"uagb-heading-text\">Ready to get started?<\/h2><\/div>\n\n\n\n<div class=\"wp-block-uagb-buttons uagb-buttons__outer-wrap uagb-btn__default-btn uagb-btn-tablet__default-btn uagb-btn-mobile__default-btn uagb-block-57710382\"><div class=\"uagb-buttons__wrap uagb-buttons-layout-wrap\">\n<div class=\"wp-block-uagb-buttons-child uagb-buttons__outer-wrap uagb-block-66d0176e wp-block-button\"><div class=\"uagb-button__wrapper\"><a class=\"uagb-buttons-repeater wp-block-button__link\" aria-label=\"\" href=\"\/en\/contact\/\" rel=\"follow noopener\" target=\"_self\" role=\"button\"><div class=\"uagb-button__link\">Learn More<\/div><\/a><\/div><\/div>\n<\/div><\/div>\n<\/div><\/div>\n\n\n\n<div class=\"wp-block-uagb-container uagb-block-720eadde alignfull uagb-is-root-container\"><div class=\"uagb-container-inner-blocks-wrap\">\n<div class=\"wp-block-uagb-container uagb-layout-grid uagb-block-a3bf1eb5\">\n<div class=\"wp-block-uagb-image alignleft uagb-block-7bc454bd wp-block-uagb-image--layout-default wp-block-uagb-image--effect-static wp-block-uagb-image--align-left\"><figure class=\"wp-block-uagb-image__figure\"><img decoding=\"async\" srcset=\"https:\/\/alphahex.com.br\/wp-content\/uploads\/2025\/03\/pexels-photo-3183148.jpeg ,https:\/\/alphahex.com.br\/wp-content\/uploads\/2025\/03\/pexels-photo-3183148.jpeg 780w, https:\/\/alphahex.com.br\/wp-content\/uploads\/2025\/03\/pexels-photo-3183148.jpeg 360w\" sizes=\"auto, (max-width: 480px) 150px\" src=\"https:\/\/alphahex.com.br\/wp-content\/uploads\/2025\/03\/pexels-photo-3183148.jpeg\" alt=\"\" class=\"uag-image-15\" width=\"290\" height=\"400\" title=\"mobile-01\" loading=\"lazy\" role=\"img\"\/><\/figure><\/div>\n\n\n\n<div class=\"wp-block-uagb-container uagb-layout-grid uagb-block-bb1f3750\">\n<div class=\"wp-block-uagb-image uagb-block-e8327ccd wp-block-uagb-image--layout-default wp-block-uagb-image--effect-static wp-block-uagb-image--align-none\"><figure class=\"wp-block-uagb-image__figure\"><img decoding=\"async\" srcset=\"https:\/\/alphahex.com.br\/wp-content\/uploads\/2025\/03\/board-electronics-computer-data-processing-50711.jpeg ,https:\/\/alphahex.com.br\/wp-content\/uploads\/2025\/03\/board-electronics-computer-data-processing-50711.jpeg 780w, https:\/\/alphahex.com.br\/wp-content\/uploads\/2025\/03\/board-electronics-computer-data-processing-50711.jpeg 360w\" sizes=\"auto, (max-width: 480px) 150px\" src=\"https:\/\/alphahex.com.br\/wp-content\/uploads\/2025\/03\/board-electronics-computer-data-processing-50711.jpeg\" alt=\"\" class=\"uag-image-7\" width=\"290\" height=\"200\" title=\"mobile-02\" loading=\"lazy\" role=\"img\"\/><\/figure><\/div>\n\n\n\n<div class=\"wp-block-uagb-image uagb-block-b1bc896e wp-block-uagb-image--layout-default wp-block-uagb-image--effect-static wp-block-uagb-image--align-none\"><figure class=\"wp-block-uagb-image__figure\"><img decoding=\"async\" srcset=\"https:\/\/alphahex.com.br\/wp-content\/uploads\/2025\/03\/pexels-photo-18275926.jpeg ,https:\/\/alphahex.com.br\/wp-content\/uploads\/2025\/03\/pexels-photo-18275926.jpeg 780w, https:\/\/alphahex.com.br\/wp-content\/uploads\/2025\/03\/pexels-photo-18275926.jpeg 360w\" sizes=\"auto, (max-width: 480px) 150px\" src=\"https:\/\/alphahex.com.br\/wp-content\/uploads\/2025\/03\/pexels-photo-18275926.jpeg\" alt=\"\" class=\"uag-image-8\" width=\"290\" height=\"190\" title=\"creative-03\" loading=\"lazy\" role=\"img\"\/><\/figure><\/div>\n<\/div>\n<\/div>\n\n\n\n<div class=\"wp-block-uagb-container uagb-block-e65e14d4\">\n<div class=\"wp-block-uagb-info-box uagb-block-2f1097b6 uagb-infobox__content-wrap  uagb-infobox-icon-above-title uagb-infobox-image-valign-top\"><div class=\"uagb-ifb-content\"><div class=\"uagb-ifb-title-wrap\"><h3 class=\"uagb-ifb-title-prefix\">Protocol Integration<\/h3><p class=\"uagb-ifb-title\">We integrate systems with protocols such as I2C, Serial, SPI, MQTT, LoraWan, GSM, Wifi and WebSockets, optimizing connectivity and communication between devices.<br><br>Specialized in the integration of protocols for IoT, automation and embedded systems.<\/p><\/div><p class=\"uagb-ifb-desc\">.<\/p><\/div><\/div>\n<\/div>\n<\/div><\/div>\n\n\n\n<div class=\"wp-block-uagb-container uagb-block-d0418047 alignfull uagb-is-root-container\"><div class=\"uagb-container-inner-blocks-wrap\">\n<div class=\"wp-block-uagb-container uagb-block-5914c221\">\n<div class=\"wp-block-uagb-info-box uagb-block-ee05e5a5 uagb-infobox__content-wrap  uagb-infobox-icon-above-title uagb-infobox-image-valign-top\"><div class=\"uagb-ifb-content\"><div class=\"uagb-ifb-title-wrap\"><h3 class=\"uagb-ifb-title-prefix\">Development in Various Languages<\/h3><p class=\"uagb-ifb-title\">We offer development in C, C++, micro Python, Delphi, Unigui and Kotlin, providing superior performance and robust solutions for embedded and IoT applications.<\/p><\/div><p class=\"uagb-ifb-desc\">Diversified solutions for the development of embedded and connected systems.<\/p><\/div><\/div>\n<\/div>\n\n\n\n<div class=\"wp-block-uagb-container uagb-layout-grid uagb-block-4a542158\">\n<div class=\"wp-block-uagb-image alignleft uagb-block-5a6cce3c wp-block-uagb-image--layout-default wp-block-uagb-image--effect-static wp-block-uagb-image--align-left\"><figure class=\"wp-block-uagb-image__figure\"><img decoding=\"async\" srcset=\"https:\/\/alphahex.com.br\/wp-content\/uploads\/2025\/03\/pexels-photo-574071.jpeg ,https:\/\/alphahex.com.br\/wp-content\/uploads\/2025\/03\/pexels-photo-574071.jpeg 780w, https:\/\/alphahex.com.br\/wp-content\/uploads\/2025\/03\/pexels-photo-574071.jpeg 360w\" sizes=\"auto, (max-width: 480px) 150px\" src=\"https:\/\/alphahex.com.br\/wp-content\/uploads\/2025\/03\/pexels-photo-574071.jpeg\" alt=\"\" class=\"uag-image-9\" width=\"600\" height=\"220\" title=\"brand-01\" loading=\"lazy\" role=\"img\"\/><\/figure><\/div>\n\n\n\n<div class=\"wp-block-uagb-container uagb-layout-grid uagb-block-5ec0708a\">\n<div class=\"wp-block-uagb-image alignleft uagb-block-ff36ce8a wp-block-uagb-image--layout-default wp-block-uagb-image--effect-static wp-block-uagb-image--align-left\"><figure class=\"wp-block-uagb-image__figure\"><img decoding=\"async\" srcset=\"https:\/\/alphahex.com.br\/wp-content\/uploads\/2025\/03\/pexels-photo-29445973.jpeg ,https:\/\/alphahex.com.br\/wp-content\/uploads\/2025\/03\/pexels-photo-29445973.jpeg 780w, https:\/\/alphahex.com.br\/wp-content\/uploads\/2025\/03\/pexels-photo-29445973.jpeg 360w\" sizes=\"auto, (max-width: 480px) 150px\" src=\"https:\/\/alphahex.com.br\/wp-content\/uploads\/2025\/03\/pexels-photo-29445973.jpeg\" alt=\"\" class=\"uag-image-10\" width=\"295\" height=\"190\" title=\"brand-02\" loading=\"lazy\" role=\"img\"\/><\/figure><\/div>\n\n\n\n<div class=\"wp-block-uagb-image alignright uagb-block-1187b92f wp-block-uagb-image--layout-default wp-block-uagb-image--effect-static wp-block-uagb-image--align-right\"><figure class=\"wp-block-uagb-image__figure\"><img decoding=\"async\" srcset=\"https:\/\/alphahex.com.br\/wp-content\/uploads\/2025\/03\/pexels-photo-3912367.jpeg ,https:\/\/alphahex.com.br\/wp-content\/uploads\/2025\/03\/pexels-photo-3912367.jpeg 780w, https:\/\/alphahex.com.br\/wp-content\/uploads\/2025\/03\/pexels-photo-3912367.jpeg 360w\" sizes=\"auto, (max-width: 480px) 150px\" src=\"https:\/\/alphahex.com.br\/wp-content\/uploads\/2025\/03\/pexels-photo-3912367.jpeg\" alt=\"\" class=\"uag-image-11\" width=\"295\" height=\"190\" title=\"brand-03\" loading=\"lazy\" role=\"img\"\/><\/figure><\/div>\n<\/div>\n<\/div>\n<\/div><\/div>\n\n\n\n<div class=\"wp-block-uagb-container uagb-block-d7b60fd6 alignfull uagb-is-root-container\"><div class=\"uagb-container-inner-blocks-wrap\">\n<div class=\"wp-block-uagb-info-box uagb-block-6fdc34d4 uagb-infobox__content-wrap  uagb-infobox-icon-above-title uagb-infobox-image-valign-top\"><div class=\"uagb-ifb-content\"><div class=\"uagb-ifb-title-wrap\"><h2 class=\"uagb-ifb-title\">Get in touch and start your innovative project now!<\/h2><\/div><p class=\"uagb-ifb-desc\">At AlphaHex, we have the experience and solutions to transform your ideas into efficient and reliable products.<\/p><div class=\"uagb-ifb-button-wrapper wp-block-button\"><a href=\"\/en\/contact\/\" class=\"uagb-infobox-cta-link wp-block-button__link\" target=\"_self\" rel=\"noopener noreferrer\" onclick=\"return true;\"><span class=\"uagb-inline-editing\">Learn More<\/span><\/a><\/div><\/div><\/div>\n<\/div><\/div>","protected":false},"excerpt":{"rendered":"<p>Solu\u00e7\u00f5es Inovadoras em Firmware e IoT Nossos Servi\u00e7os Especializados em Tecnologia Explore nossos servi\u00e7os projetados para transformar ideias em solu\u00e7\u00f5es [&hellip;]<\/p>","protected":false},"author":1,"featured_media":0,"parent":0,"menu_order":0,"comment_status":"closed","ping_status":"closed","template":"","meta":{"pagelayer_contact_templates":[],"_pagelayer_content":"","_uag_custom_page_level_css":"","site-sidebar-layout":"default","site-content-layout":"","ast-site-content-layout":"","site-content-style":"default","site-sidebar-style":"default","ast-global-header-display":"","ast-banner-title-visibility":"","ast-main-header-display":"","ast-hfb-above-header-display":"","ast-hfb-below-header-display":"","ast-hfb-mobile-header-display":"","site-post-title":"disabled","ast-breadcrumbs-content":"","ast-featured-img":"","footer-sml-layout":"","theme-transparent-header-meta":"","adv-header-id-meta":"","stick-header-meta":"","header-above-stick-meta":"","header-main-stick-meta":"","header-below-stick-meta":"","astra-migrate-meta-layouts":"default","ast-page-background-enabled":"default","ast-page-background-meta":{"desktop":{"background-color":"var(--ast-global-color-4)","background-image":"","background-repeat":"repeat","background-position":"center center","background-size":"auto","background-attachment":"scroll","background-type":"","background-media":"","overlay-type":"","overlay-color":"","overlay-opacity":"","overlay-gradient":""},"tablet":{"background-color":"","background-image":"","background-repeat":"repeat","background-position":"center center","background-size":"auto","background-attachment":"scroll","background-type":"","background-media":"","overlay-type":"","overlay-color":"","overlay-opacity":"","overlay-gradient":""},"mobile":{"background-color":"","background-image":"","background-repeat":"repeat","background-position":"center center","background-size":"auto","background-attachment":"scroll","background-type":"","background-media":"","overlay-type":"","overlay-color":"","overlay-opacity":"","overlay-gradient":""}},"ast-content-background-meta":{"desktop":{"background-color":"var(--ast-global-color-5)","background-image":"","background-repeat":"repeat","background-position":"center center","background-size":"auto","background-attachment":"scroll","background-type":"","background-media":"","overlay-type":"","overlay-color":"","overlay-opacity":"","overlay-gradient":""},"tablet":{"background-color":"var(--ast-global-color-5)","background-image":"","background-repeat":"repeat","background-position":"center center","background-size":"auto","background-attachment":"scroll","background-type":"","background-media":"","overlay-type":"","overlay-color":"","overlay-opacity":"","overlay-gradient":""},"mobile":{"background-color":"var(--ast-global-color-5)","background-image":"","background-repeat":"repeat","background-position":"center center","background-size":"auto","background-attachment":"scroll","background-type":"","background-media":"","overlay-type":"","overlay-color":"","overlay-opacity":"","overlay-gradient":""}},"footnotes":""},"class_list":["post-26","page","type-page","status-publish","hentry"],"uagb_featured_image_src":{"full":false,"thumbnail":false,"medium":false,"medium_large":false,"large":false,"1536x1536":false,"2048x2048":false,"trp-custom-language-flag":false},"uagb_author_info":{"display_name":"Ot\u00e1vio Martins","author_link":"https:\/\/alphahex.com.br\/en\/author\/otavio\/"},"uagb_comment_info":0,"uagb_excerpt":"Solu\u00e7\u00f5es Inovadoras em Firmware e IoT Nossos Servi\u00e7os Especializados em Tecnologia Explore nossos servi\u00e7os projetados para transformar ideias em solu\u00e7\u00f5es [&hellip;]","_links":{"self":[{"href":"https:\/\/alphahex.com.br\/en\/wp-json\/wp\/v2\/pages\/26","targetHints":{"allow":["GET"]}}],"collection":[{"href":"https:\/\/alphahex.com.br\/en\/wp-json\/wp\/v2\/pages"}],"about":[{"href":"https:\/\/alphahex.com.br\/en\/wp-json\/wp\/v2\/types\/page"}],"author":[{"embeddable":true,"href":"https:\/\/alphahex.com.br\/en\/wp-json\/wp\/v2\/users\/1"}],"replies":[{"embeddable":true,"href":"https:\/\/alphahex.com.br\/en\/wp-json\/wp\/v2\/comments?post=26"}],"version-history":[{"count":9,"href":"https:\/\/alphahex.com.br\/en\/wp-json\/wp\/v2\/pages\/26\/revisions"}],"predecessor-version":[{"id":410,"href":"https:\/\/alphahex.com.br\/en\/wp-json\/wp\/v2\/pages\/26\/revisions\/410"}],"wp:attachment":[{"href":"https:\/\/alphahex.com.br\/en\/wp-json\/wp\/v2\/media?parent=26"}],"curies":[{"name":"wp","href":"https:\/\/api.w.org\/{rel}","templated":true}]}}