{"id":351,"date":"2025-03-08T00:53:54","date_gmt":"2025-03-08T00:53:54","guid":{"rendered":"https:\/\/alphahex.com.br\/home-2-2\/"},"modified":"2025-03-11T16:12:49","modified_gmt":"2025-03-11T16:12:49","slug":"home-2-2","status":"publish","type":"page","link":"https:\/\/alphahex.com.br\/en\/","title":{"rendered":"Home"},"content":{"rendered":"<div class=\"wp-block-uagb-container uagb-block-dde5c922 alignfull uagb-is-root-container\">\n<div class=\"wp-block-uagb-container uagb-block-b618de5d\">\n<div class=\"wp-block-uagb-info-box uagb-block-1cd420f7 uagb-infobox__content-wrap  uagb-infobox-icon-above-title uagb-infobox-image-valign-top\"><div class=\"uagb-ifb-content\"><div class=\"uagb-ifb-title-wrap\"><h1 class=\"uagb-ifb-title\">Innovative Solutions in Firmware and IoT<\/h1><\/div><p class=\"uagb-ifb-desc\">Turn your ideas into reality with customized firmware solutions and high-performance IoT technologies.<\/p><div class=\"uagb-ifb-button-wrapper wp-block-button\"><a href=\"\/en\/contact\/\" class=\"uagb-infobox-cta-link wp-block-button__link\" target=\"_self\" rel=\"noopener noreferrer\" onclick=\"return true;\"><span class=\"uagb-inline-editing\">Learn More<\/span><\/a><\/div><\/div><\/div>\n<\/div>\n<\/div>\n\n\n\n<div class=\"wp-block-uagb-container uagb-block-4b0b8f05 alignfull uagb-is-root-container\"><div class=\"uagb-container-inner-blocks-wrap\">\n<div class=\"wp-block-uagb-advanced-heading uagb-block-ab53c455\"><h2 class=\"uagb-heading-text\">Discover the expertise behind AlphaHex and its solutions.<\/h2><p class=\"uagb-desc-text\">With over 40 years of experience, our mission is to offer the best solutions for your embedded technology needs.<\/p><\/div>\n\n\n\n<div class=\"wp-block-uagb-container uagb-layout-flex uagb-block-9286c5ad\">\n<div class=\"wp-block-uagb-container uagb-layout-flex uagb-block-87eea3b5\">\n<div class=\"wp-block-uagb-image alignleft uagb-block-fdb7a1ed wp-block-uagb-image--layout-default wp-block-uagb-image--effect-static wp-block-uagb-image--align-left\"><figure class=\"wp-block-uagb-image__figure\"><img decoding=\"async\" srcset=\"https:\/\/alphahex.com.br\/wp-content\/uploads\/2025\/03\/pexels-photo-18275926.jpeg ,https:\/\/alphahex.com.br\/wp-content\/uploads\/2025\/03\/pexels-photo-18275926.jpeg 780w, https:\/\/alphahex.com.br\/wp-content\/uploads\/2025\/03\/pexels-photo-18275926.jpeg 360w\" sizes=\"auto, (max-width: 480px) 150px\" src=\"https:\/\/alphahex.com.br\/wp-content\/uploads\/2025\/03\/pexels-photo-18275926.jpeg\" alt=\"\" class=\"uag-image-8\" width=\"600\" height=\"300\" title=\"Services-01\" loading=\"lazy\" role=\"img\"\/><\/figure><\/div>\n\n\n\n<div class=\"wp-block-uagb-container uagb-layout-grid uagb-block-59295ad8\">\n<div class=\"wp-block-uagb-image alignleft uagb-block-1d740a84 wp-block-uagb-image--layout-default wp-block-uagb-image--effect-static wp-block-uagb-image--align-left\"><figure class=\"wp-block-uagb-image__figure\"><img decoding=\"async\" srcset=\"https:\/\/alphahex.com.br\/wp-content\/uploads\/2025\/03\/pexels-photo-574071.jpeg ,https:\/\/alphahex.com.br\/wp-content\/uploads\/2025\/03\/pexels-photo-574071.jpeg 780w, https:\/\/alphahex.com.br\/wp-content\/uploads\/2025\/03\/pexels-photo-574071.jpeg 360w\" sizes=\"auto, (max-width: 480px) 150px\" src=\"https:\/\/alphahex.com.br\/wp-content\/uploads\/2025\/03\/pexels-photo-574071.jpeg\" alt=\"\" class=\"uag-image-9\" width=\"295\" height=\"190\" title=\"Services-02\" loading=\"lazy\" role=\"img\"\/><\/figure><\/div>\n\n\n\n<div class=\"wp-block-uagb-image alignright uagb-block-208e11b1 wp-block-uagb-image--layout-default wp-block-uagb-image--effect-static wp-block-uagb-image--align-right\"><figure class=\"wp-block-uagb-image__figure\"><img decoding=\"async\" srcset=\"https:\/\/alphahex.com.br\/wp-content\/uploads\/2025\/03\/pexels-photo-29445973.jpeg ,https:\/\/alphahex.com.br\/wp-content\/uploads\/2025\/03\/pexels-photo-29445973.jpeg 780w, https:\/\/alphahex.com.br\/wp-content\/uploads\/2025\/03\/pexels-photo-29445973.jpeg 360w\" sizes=\"auto, (max-width: 480px) 150px\" src=\"https:\/\/alphahex.com.br\/wp-content\/uploads\/2025\/03\/pexels-photo-29445973.jpeg\" alt=\"\" class=\"uag-image-10\" width=\"295\" height=\"190\" title=\"Services-03\" loading=\"lazy\" role=\"img\"\/><\/figure><\/div>\n<\/div>\n<\/div>\n\n\n\n<div class=\"wp-block-uagb-container uagb-block-b6ad80b7\">\n<div class=\"wp-block-uagb-info-box uagb-block-db3dcad8 uagb-infobox__content-wrap  uagb-infobox-icon-above-title uagb-infobox-image-valign-top\"><div class=\"uagb-ifb-content\"><div class=\"uagb-ifb-title-wrap\"><h3 class=\"uagb-ifb-title-prefix\">History of AlphaHex<\/h3><p class=\"uagb-ifb-title\"><strong>Ot\u00e1vio Martins<\/strong> analyst and software developer for over 40 years, with 13 years of experience in embedded firmware for microcontrollers and cellular modems. Specialized in data communication and automation, he combines in-depth technical knowledge in <strong>GSM, LoRaWAN, Wi-Fi e Ethernet<\/strong>.<\/p><\/div><p class=\"uagb-ifb-desc\">Our in-depth knowledge ensures the delivery of innovative and secure solutions.<\/p><div class=\"uagb-ifb-button-wrapper wp-block-button\"><a href=\"\/en\/about\/\" class=\"uagb-infobox-cta-link wp-block-button__link\" target=\"_self\" rel=\"noopener noreferrer\" onclick=\"return true;\"><span class=\"uagb-inline-editing\">Read more<\/span><\/a><\/div><\/div><\/div>\n<\/div>\n<\/div>\n<\/div><\/div>\n\n\n\n<div class=\"wp-block-uagb-container uagb-block-c3d6e73b alignfull uagb-is-root-container\"><div class=\"uagb-container-inner-blocks-wrap\">\n<div class=\"wp-block-uagb-advanced-heading uagb-block-8510406d\"><p class=\"uagb-desc-text\">Our Services<\/p><h2 class=\"uagb-heading-text\">IoT Firmware and Automation Solutions<\/h2><\/div>\n\n\n\n<div class=\"wp-block-uagb-container uagb-block-2633a9e1\">\n<div class=\"wp-block-uagb-container uagb-layout-grid uagb-block-31528e8d\">\n<div class=\"wp-block-uagb-info-box uagb-block-7cbf821f uagb-infobox__content-wrap  uagb-infobox-icon-above-title uagb-infobox-image-valign-top\"><div class=\"uagb-ifb-content\"><div class=\"uagb-ifb-title-wrap\"><h3 class=\"uagb-ifb-title\">Firmware Development<\/h3><\/div><p class=\"uagb-ifb-desc\">Creating custom firmware for embedded and IoT devices.<\/p><div class=\"uagb-ifb-button-wrapper wp-block-button\"><a href=\"\/en\/services\/\" target=\"_self\" onclick=\"return true;\" class=\"uagb-infobox-cta-link\" rel=\"noopener noreferrer\"><span class=\"uagb-inline-editing\">Learn More<\/span><svg xmlns=\"https:\/\/www.w3.org\/2000\/svg\" viewbox=\"0 0 320 512\"><path d=\"M96 480c-8.188 0-16.38-3.125-22.62-9.375c-12.5-12.5-12.5-32.75 0-45.25L242.8 256L73.38 86.63c-12.5-12.5-12.5-32.75 0-45.25s32.75-12.5 45.25 0l192 192c12.5 12.5 12.5 32.75 0 45.25l-192 192C112.4 476.9 104.2 480 96 480z\"><\/path><\/svg><\/a><\/div><\/div><\/div>\n\n\n\n<div class=\"wp-block-uagb-image uagb-block-e6a87125 wp-block-uagb-image--layout-default wp-block-uagb-image--effect-static wp-block-uagb-image--align-none\"><figure class=\"wp-block-uagb-image__figure\"><img decoding=\"async\" srcset=\"https:\/\/alphahex.com.br\/wp-content\/uploads\/2025\/03\/pexels-photo-3912367.jpeg ,https:\/\/alphahex.com.br\/wp-content\/uploads\/2025\/03\/pexels-photo-3912367.jpeg 780w, https:\/\/alphahex.com.br\/wp-content\/uploads\/2025\/03\/pexels-photo-3912367.jpeg 360w\" sizes=\"auto, (max-width: 480px) 150px\" src=\"https:\/\/alphahex.com.br\/wp-content\/uploads\/2025\/03\/pexels-photo-3912367.jpeg\" alt=\"\" class=\"uag-image-11\" width=\"360\" height=\"280\" title=\"creative\" loading=\"lazy\" role=\"img\"\/><\/figure><\/div>\n<\/div>\n\n\n\n<div class=\"wp-block-uagb-container uagb-layout-grid uagb-block-ca764249\">\n<div class=\"wp-block-uagb-container uagb-layout-grid uagb-block-2fec6e29\">\n<div class=\"wp-block-uagb-info-box uagb-block-1a37e3d1 uagb-infobox__content-wrap  uagb-infobox-icon-above-title uagb-infobox-image-valign-top\"><div class=\"uagb-ifb-content\"><div class=\"uagb-ifb-title-wrap\"><h3 class=\"uagb-ifb-title\">Cloud Consulting<\/h3><\/div><p class=\"uagb-ifb-desc\">Guidance for cloud server instances and integration.<\/p><div class=\"uagb-ifb-button-wrapper wp-block-button\"><a href=\"\/en\/services\/\" target=\"_self\" onclick=\"return true;\" class=\"uagb-infobox-cta-link\" rel=\"noopener noreferrer\"><span class=\"uagb-inline-editing\">Learn More<\/span><svg xmlns=\"https:\/\/www.w3.org\/2000\/svg\" viewbox=\"0 0 320 512\"><path d=\"M96 480c-8.188 0-16.38-3.125-22.62-9.375c-12.5-12.5-12.5-32.75 0-45.25L242.8 256L73.38 86.63c-12.5-12.5-12.5-32.75 0-45.25s32.75-12.5 45.25 0l192 192c12.5 12.5 12.5 32.75 0 45.25l-192 192C112.4 476.9 104.2 480 96 480z\"><\/path><\/svg><\/a><\/div><\/div><\/div>\n\n\n\n<div class=\"wp-block-uagb-image uagb-block-79527b34 wp-block-uagb-image--layout-default wp-block-uagb-image--effect-static wp-block-uagb-image--align-none\"><figure class=\"wp-block-uagb-image__figure\"><img decoding=\"async\" srcset=\"https:\/\/alphahex.com.br\/wp-content\/uploads\/2025\/03\/pexels-photo-4709369.jpeg ,https:\/\/alphahex.com.br\/wp-content\/uploads\/2025\/03\/pexels-photo-4709369.jpeg 780w, https:\/\/alphahex.com.br\/wp-content\/uploads\/2025\/03\/pexels-photo-4709369.jpeg 360w\" sizes=\"auto, (max-width: 480px) 150px\" src=\"https:\/\/alphahex.com.br\/wp-content\/uploads\/2025\/03\/pexels-photo-4709369.jpeg\" alt=\"\" class=\"uag-image-12\" width=\"550\" height=\"250\" title=\"digital\" loading=\"lazy\" role=\"img\"\/><\/figure><\/div>\n<\/div>\n\n\n\n<div class=\"wp-block-uagb-container uagb-block-9b5bbfc7\">\n<div class=\"wp-block-uagb-info-box uagb-block-87281e37 uagb-infobox__content-wrap  uagb-infobox-icon-above-title uagb-infobox-image-valign-top\"><div class=\"uagb-ifb-content\"><div class=\"uagb-ifb-title-wrap\"><h3 class=\"uagb-ifb-title\">Protocol Integration<\/h3><\/div><p class=\"uagb-ifb-desc\">Integration with advanced protocols for data communication.<\/p><div class=\"uagb-ifb-button-wrapper wp-block-button\"><a href=\"\/en\/services\/\" target=\"_self\" onclick=\"return true;\" class=\"uagb-infobox-cta-link\" rel=\"noopener noreferrer\"><span class=\"uagb-inline-editing\">Learn More<\/span><svg xmlns=\"https:\/\/www.w3.org\/2000\/svg\" viewbox=\"0 0 320 512\"><path d=\"M96 480c-8.188 0-16.38-3.125-22.62-9.375c-12.5-12.5-12.5-32.75 0-45.25L242.8 256L73.38 86.63c-12.5-12.5-12.5-32.75 0-45.25s32.75-12.5 45.25 0l192 192c12.5 12.5 12.5 32.75 0 45.25l-192 192C112.4 476.9 104.2 480 96 480z\"><\/path><\/svg><\/a><\/div><\/div><\/div>\n<\/div>\n\n\n\n<div class=\"wp-block-uagb-container uagb-block-d0d012ce\">\n<div class=\"wp-block-uagb-info-box uagb-block-6dacb125 uagb-infobox__content-wrap  uagb-infobox-icon-above-title uagb-infobox-image-valign-top\"><div class=\"uagb-ifb-content\"><div class=\"uagb-ifb-title-wrap\"><h3 class=\"uagb-ifb-title\">Development in Various Languages<\/h3><\/div><p class=\"uagb-ifb-desc\">Development solutions in C, C++, Delphi, Unigui and Kotlin.<\/p><div class=\"uagb-ifb-button-wrapper wp-block-button\"><a href=\"\/en\/services\/\" target=\"_self\" onclick=\"return true;\" class=\"uagb-infobox-cta-link\" rel=\"noopener noreferrer\"><span class=\"uagb-inline-editing\">Learn More<\/span><svg xmlns=\"https:\/\/www.w3.org\/2000\/svg\" viewbox=\"0 0 320 512\"><path d=\"M96 480c-8.188 0-16.38-3.125-22.62-9.375c-12.5-12.5-12.5-32.75 0-45.25L242.8 256L73.38 86.63c-12.5-12.5-12.5-32.75 0-45.25s32.75-12.5 45.25 0l192 192c12.5 12.5 12.5 32.75 0 45.25l-192 192C112.4 476.9 104.2 480 96 480z\"><\/path><\/svg><\/a><\/div><\/div><\/div>\n<\/div>\n<\/div>\n<\/div>\n<\/div><\/div>\n\n\n\n<div class=\"wp-block-uagb-container uagb-block-805fe7a2 alignfull uagb-is-root-container\"><div class=\"uagb-container-inner-blocks-wrap\">\n<div class=\"wp-block-uagb-container uagb-block-ba1f86ad\">\n<div class=\"wp-block-uagb-info-box uagb-block-4142398f uagb-infobox__content-wrap  uagb-infobox-icon-above-title uagb-infobox-image-valign-top\"><div class=\"uagb-ifb-content\"><div class=\"uagb-ifb-title-wrap\"><h2 class=\"uagb-ifb-title\">Ready to get started?<\/h2><\/div><p class=\"uagb-ifb-desc\">Get in touch and take your idea to the next level with our specialized solutions.<\/p><div class=\"uagb-ifb-button-wrapper wp-block-button\"><a href=\"\/en\/contact\/\" class=\"uagb-infobox-cta-link wp-block-button__link\" target=\"_self\" rel=\"noopener noreferrer\" onclick=\"return true;\"><span class=\"uagb-inline-editing\">Learn More<\/span><\/a><\/div><\/div><\/div>\n<\/div>\n<\/div><\/div>\n\n\n\n<div class=\"wp-block-uagb-container uagb-block-f1cf99cc alignfull uagb-is-root-container\"><div class=\"uagb-container-inner-blocks-wrap\">\n<div class=\"wp-block-uagb-container uagb-layout-grid uagb-block-832eed1e\">\n<div class=\"wp-block-uagb-advanced-heading uagb-block-9a3b9b8f\"><p class=\"uagb-desc-text\">Our Unique Proposition<\/p><h2 class=\"uagb-heading-text\">Differentials that Make the Difference<\/h2><\/div>\n\n\n\n<div class=\"wp-block-uagb-image uagb-block-9a6b7734 wp-block-uagb-image--layout-default wp-block-uagb-image--effect-static wp-block-uagb-image--align-none\"><figure class=\"wp-block-uagb-image__figure\"><img decoding=\"async\" srcset=\"https:\/\/alphahex.com.br\/wp-content\/uploads\/2025\/03\/pexels-photo-2081132.jpeg ,https:\/\/alphahex.com.br\/wp-content\/uploads\/2025\/03\/pexels-photo-2081132.jpeg 780w, https:\/\/alphahex.com.br\/wp-content\/uploads\/2025\/03\/pexels-photo-2081132.jpeg 360w\" sizes=\"auto, (max-width: 480px) 150px\" src=\"https:\/\/alphahex.com.br\/wp-content\/uploads\/2025\/03\/pexels-photo-2081132.jpeg\" alt=\"\" class=\"uag-image-14\" width=\"600\" height=\"300\" title=\"why-choose-us\" loading=\"lazy\" role=\"img\"\/><\/figure><\/div>\n<\/div>\n\n\n\n<div class=\"wp-block-uagb-container uagb-block-a237c42a\">\n<div class=\"wp-block-uagb-advanced-heading uagb-block-98d61022\"><h3 class=\"uagb-heading-text\">High Performance<\/h3><p class=\"uagb-desc-text\">We develop optimized firmware, ensuring that your project has the best possible performance.<\/p><\/div>\n\n\n\n<div class=\"wp-block-uagb-advanced-heading uagb-block-c99015bc\"><h3 class=\"uagb-heading-text\">Reliability<\/h3><p class=\"uagb-desc-text\">Tested and approved solutions to ensure the continuous and safe operation of your devices.<\/p><\/div>\n\n\n\n<div class=\"wp-block-uagb-advanced-heading uagb-block-a5041842\"><h3 class=\"uagb-heading-text\">Specialized Support<\/h3><p class=\"uagb-desc-text\">Dedicated consulting, monthly maintenance and technical support to maximize the potential of your IoT implementations.<\/p><\/div>\n<\/div>\n<\/div><\/div>\n\n\n\n<div class=\"wp-block-uagb-advanced-heading uagb-block-1a493abe\"><h2 class=\"uagb-heading-text\">Successful Cases<\/h2><\/div>\n\n\n\n<div class=\"wp-block-uagb-container uagb-block-cea51ada alignfull uagb-is-root-container\"><div class=\"uagb-container-inner-blocks-wrap\">\n<div class=\"wp-block-uagb-container uagb-layout-grid uagb-block-02b69ad8\">\n<div class=\"wp-block-uagb-container uagb-block-54854b35\">\n<div class=\"wp-block-uagb-info-box uagb-block-6b866f05 uagb-infobox__content-wrap  uagb-infobox-icon-above-title uagb-infobox-image-valign-top wp-block-uagb-info-box--has-margin\"><div class=\"uagb-infobox-margin-wrapper\"><div class=\"uagb-ifb-content\"><div class=\"uagb-ifb-title-wrap\"><h3 class=\"uagb-ifb-title-prefix\"><br><br>Automation and Marketing of Gas Stations<\/h3><p class=\"uagb-ifb-title\">\u201cReengineering\u201d<\/p><\/div><p class=\"uagb-ifb-desc\">Complete reengineering for stations, uniting <strong>automation and marketing strategies<\/strong>. In addition to ensuring <strong>full control of the operation<\/strong>, the solution has already generated success stories where revenue <strong>tripled<\/strong>.<\/p><\/div><\/div><\/div>\n<\/div>\n\n\n\n<div class=\"wp-block-uagb-container uagb-block-638f5ed0\">\n<div class=\"wp-block-uagb-info-box uagb-block-2e2d5879 uagb-infobox__content-wrap  uagb-infobox-icon-above-title uagb-infobox-image-valign-top wp-block-uagb-info-box--has-margin\"><div class=\"uagb-infobox-margin-wrapper\"><div class=\"uagb-ifb-content\"><div class=\"uagb-ifb-title-wrap\"><h3 class=\"uagb-ifb-title-prefix\"><br><br>Intelligent Fleet Supply Management<\/h3><p class=\"uagb-ifb-title\">\u201cNational coverage system\u201d<\/p><\/div><p class=\"uagb-ifb-desc\">Online system that integrates accredited gas stations, allowing <strong>credit, supply and consumption control<\/strong> in freight from large carriers. Reducing costs and avoiding fraud with total transparency in supply management.<\/p><\/div><\/div><\/div>\n<\/div>\n\n\n\n<div class=\"wp-block-uagb-container uagb-block-a738669e\">\n<div class=\"wp-block-uagb-info-box uagb-block-3c37aa7f uagb-infobox__content-wrap  uagb-infobox-icon-above-title uagb-infobox-image-valign-top wp-block-uagb-info-box--has-margin\"><div class=\"uagb-infobox-margin-wrapper\"><div class=\"uagb-ifb-content\"><div class=\"uagb-ifb-title-wrap\"><h3 class=\"uagb-ifb-title-prefix\"><br><br>Telemetry and Intelligent Fleet Monitoring<\/h3><p class=\"uagb-ifb-title\">\u201cEmbedded solution\u201d<\/p><\/div><p class=\"uagb-ifb-desc\">Embedded solution for <strong>advanced fleet management<\/strong>, collecting data from <strong>GPS and sensors<\/strong> in vehicles, machines and trucks. It allows a <strong>precise control of logistics, maintenance and safety<\/strong>, optimizing operations and reducing costs.<\/p><\/div><\/div><\/div>\n<\/div>\n<\/div>\n<\/div><\/div>\n\n\n\n<div class=\"wp-block-uagb-container uagb-block-d7b60fd6 alignfull uagb-is-root-container\"><div class=\"uagb-container-inner-blocks-wrap\">\n<div class=\"wp-block-uagb-info-box uagb-block-6fdc34d4 uagb-infobox__content-wrap  uagb-infobox-icon-above-title uagb-infobox-image-valign-top\"><div class=\"uagb-ifb-content\"><div class=\"uagb-ifb-title-wrap\"><h2 class=\"uagb-ifb-title\">Get in touch and start your innovative project now!<\/h2><\/div><p class=\"uagb-ifb-desc\">At AlphaHex, we have the experience and solutions to transform your ideas into efficient and reliable products.<\/p><div class=\"uagb-ifb-button-wrapper wp-block-button\"><a href=\"\/en\/contact\/\" class=\"uagb-infobox-cta-link wp-block-button__link\" target=\"_self\" rel=\"noopener noreferrer\" onclick=\"return true;\"><span class=\"uagb-inline-editing\">Learn More<\/span><\/a><\/div><\/div><\/div>\n<\/div><\/div>","protected":false},"excerpt":{"rendered":"<p>Descubra a expertise por tr\u00e1s da AlphaHex e suas solu\u00e7\u00f5es. Com mais de 40 anos de experi\u00eancia, nossa miss\u00e3o \u00e9 [&hellip;]<\/p>","protected":false},"author":1,"featured_media":0,"parent":0,"menu_order":0,"comment_status":"closed","ping_status":"closed","template":"","meta":{"pagelayer_contact_templates":[],"_pagelayer_content":"","_uag_custom_page_level_css":"","site-sidebar-layout":"default","site-content-layout":"","ast-site-content-layout":"","site-content-style":"default","site-sidebar-style":"default","ast-global-header-display":"","ast-banner-title-visibility":"","ast-main-header-display":"","ast-hfb-above-header-display":"","ast-hfb-below-header-display":"","ast-hfb-mobile-header-display":"","site-post-title":"disabled","ast-breadcrumbs-content":"","ast-featured-img":"","footer-sml-layout":"","theme-transparent-header-meta":"","adv-header-id-meta":"","stick-header-meta":"","header-above-stick-meta":"","header-main-stick-meta":"","header-below-stick-meta":"","astra-migrate-meta-layouts":"default","ast-page-background-enabled":"default","ast-page-background-meta":{"desktop":{"background-color":"var(--ast-global-color-4)","background-image":"","background-repeat":"repeat","background-position":"center center","background-size":"auto","background-attachment":"scroll","background-type":"","background-media":"","overlay-type":"","overlay-color":"","overlay-opacity":"","overlay-gradient":""},"tablet":{"background-color":"","background-image":"","background-repeat":"repeat","background-position":"center center","background-size":"auto","background-attachment":"scroll","background-type":"","background-media":"","overlay-type":"","overlay-color":"","overlay-opacity":"","overlay-gradient":""},"mobile":{"background-color":"","background-image":"","background-repeat":"repeat","background-position":"center center","background-size":"auto","background-attachment":"scroll","background-type":"","background-media":"","overlay-type":"","overlay-color":"","overlay-opacity":"","overlay-gradient":""}},"ast-content-background-meta":{"desktop":{"background-color":"var(--ast-global-color-5)","background-image":"","background-repeat":"repeat","background-position":"center center","background-size":"auto","background-attachment":"scroll","background-type":"","background-media":"","overlay-type":"","overlay-color":"","overlay-opacity":"","overlay-gradient":""},"tablet":{"background-color":"var(--ast-global-color-5)","background-image":"","background-repeat":"repeat","background-position":"center center","background-size":"auto","background-attachment":"scroll","background-type":"","background-media":"","overlay-type":"","overlay-color":"","overlay-opacity":"","overlay-gradient":""},"mobile":{"background-color":"var(--ast-global-color-5)","background-image":"","background-repeat":"repeat","background-position":"center center","background-size":"auto","background-attachment":"scroll","background-type":"","background-media":"","overlay-type":"","overlay-color":"","overlay-opacity":"","overlay-gradient":""}},"footnotes":""},"class_list":["post-351","page","type-page","status-publish","hentry"],"uagb_featured_image_src":{"full":false,"thumbnail":false,"medium":false,"medium_large":false,"large":false,"1536x1536":false,"2048x2048":false,"trp-custom-language-flag":false},"uagb_author_info":{"display_name":"Ot\u00e1vio Martins","author_link":"https:\/\/alphahex.com.br\/en\/author\/otavio\/"},"uagb_comment_info":0,"uagb_excerpt":"Descubra a expertise por tr\u00e1s da AlphaHex e suas solu\u00e7\u00f5es. Com mais de 40 anos de experi\u00eancia, nossa miss\u00e3o \u00e9 [&hellip;]","_links":{"self":[{"href":"https:\/\/alphahex.com.br\/en\/wp-json\/wp\/v2\/pages\/351","targetHints":{"allow":["GET"]}}],"collection":[{"href":"https:\/\/alphahex.com.br\/en\/wp-json\/wp\/v2\/pages"}],"about":[{"href":"https:\/\/alphahex.com.br\/en\/wp-json\/wp\/v2\/types\/page"}],"author":[{"embeddable":true,"href":"https:\/\/alphahex.com.br\/en\/wp-json\/wp\/v2\/users\/1"}],"replies":[{"embeddable":true,"href":"https:\/\/alphahex.com.br\/en\/wp-json\/wp\/v2\/comments?post=351"}],"version-history":[{"count":6,"href":"https:\/\/alphahex.com.br\/en\/wp-json\/wp\/v2\/pages\/351\/revisions"}],"predecessor-version":[{"id":438,"href":"https:\/\/alphahex.com.br\/en\/wp-json\/wp\/v2\/pages\/351\/revisions\/438"}],"wp:attachment":[{"href":"https:\/\/alphahex.com.br\/en\/wp-json\/wp\/v2\/media?parent=351"}],"curies":[{"name":"wp","href":"https:\/\/api.w.org\/{rel}","templated":true}]}}